{"id":23089,"date":"2022-03-27T10:11:22","date_gmt":"2022-03-27T09:11:22","guid":{"rendered":"https:\/\/reacademy.es\/product\/mydaruma-immoagenda-responsabile-it\/"},"modified":"2026-02-07T17:21:42","modified_gmt":"2026-02-07T16:21:42","slug":"mydaruma-immoagenda-responsabile-it","status":"publish","type":"product","link":"https:\/\/reacademy.es\/it\/product\/mydaruma-immoagenda-responsabile-it\/","title":{"rendered":"MYDARUMA. Immoagenda: RESPONSABILE (IT)"},"content":{"rendered":"<p>Si tratta di un&#8217;agenda speciale. \u00c8 stato progettato appositamente per voi, manager o direttore di agenzia, che volete aiutarvi a migliorare i risultati dei vostri collaboratori e diventare cos\u00ec un vero consulente immobiliare di successo.<\/p>\n<p>A tal fine, avrete a disposizione un elenco di azioni da svolgere e un programma giornaliero minimo da raggiungere. Lista che ti aiuter\u00e0, sin dalla prima settimana di lavoro, aiuter\u00e0 a sapere si stai in linea con i tuoi obiettivi annuali, e in caso contrario, cosa fare per poterli raggiungere.<\/p>\n<p>Una volta dimostrata la sua efficacia, diventer\u00e0 una guida talmente sicura che non potrete pi\u00f9 fare a meno. Vedrai che con un piccolo sforzo iniziale riuscirai a trasformare tutto ci\u00f2 che prima ti risultava difficile&#8230; in facile.<\/p>\n<p>L&#8217;agenda MYDARUMA fa parte della collana dei libri di metodo operativo dell&#8217;Albero delle vendite e nella specifica al suo capitolo n. 4. Nel libro spiego il sistema di lavoro che ho sviluppato in quasi 40 anni di professione lavorando e gestendo agenzie e societ\u00e0 immobiliari in vari Paesi del mondo.<\/p>\n<p>www.nellodangelo.com<\/p>\n","protected":false},"excerpt":{"rendered":"<p>Si tratta di un&#8217;agenda speciale. \u00c8 stato progettato appositamente per voi, manager o direttore di agenzia, che volete aiutarvi a migliorare i risultati dei vostri collaboratori e diventare cos\u00ec un vero consulente immobiliare di successo. A tal fine, avrete a disposizione un elenco di azioni&hellip;<\/p>\n","protected":false},"featured_media":26920,"comment_status":"open","ping_status":"closed","template":"","meta":{"_eb_attr":""},"product_brand":[],"product_cat":[490,486],"product_tag":[],"class_list":{"0":"post-23089","1":"product","2":"type-product","3":"status-publish","4":"has-post-thumbnail","6":"product_cat-agende-it-it-3","7":"product_cat-libri","8":"post","10":"first","11":"instock","12":"taxable","13":"shipping-taxable","14":"purchasable","15":"product-type-simple"},"aioseo_notices":[],"_links":{"self":[{"href":"https:\/\/reacademy.es\/it\/wp-json\/wp\/v2\/product\/23089","targetHints":{"allow":["GET"]}}],"collection":[{"href":"https:\/\/reacademy.es\/it\/wp-json\/wp\/v2\/product"}],"about":[{"href":"https:\/\/reacademy.es\/it\/wp-json\/wp\/v2\/types\/product"}],"replies":[{"embeddable":true,"href":"https:\/\/reacademy.es\/it\/wp-json\/wp\/v2\/comments?post=23089"}],"wp:featuredmedia":[{"embeddable":true,"href":"https:\/\/reacademy.es\/it\/wp-json\/wp\/v2\/media\/26920"}],"wp:attachment":[{"href":"https:\/\/reacademy.es\/it\/wp-json\/wp\/v2\/media?parent=23089"}],"wp:term":[{"taxonomy":"product_brand","embeddable":true,"href":"https:\/\/reacademy.es\/it\/wp-json\/wp\/v2\/product_brand?post=23089"},{"taxonomy":"product_cat","embeddable":true,"href":"https:\/\/reacademy.es\/it\/wp-json\/wp\/v2\/product_cat?post=23089"},{"taxonomy":"product_tag","embeddable":true,"href":"https:\/\/reacademy.es\/it\/wp-json\/wp\/v2\/product_tag?post=23089"}],"curies":[{"name":"wp","href":"https:\/\/api.w.org\/{rel}","templated":true}]}}