{"id":23094,"date":"2022-03-27T10:10:26","date_gmt":"2022-03-27T09:10:26","guid":{"rendered":"https:\/\/reacademy.es\/product\/mydaruma-immoagenda-agente-it\/"},"modified":"2026-02-07T17:23:37","modified_gmt":"2026-02-07T16:23:37","slug":"mydaruma-immoagenda-agente-it","status":"publish","type":"product","link":"https:\/\/reacademy.es\/it\/product\/mydaruma-immoagenda-agente-it\/","title":{"rendered":"MYDARUMA. Immoagenda: AGENTE (IT)"},"content":{"rendered":"<div class=\"page\" title=\"Pagina 1\">\n<div class=\"section\">\n<div class=\"layoutArea\">\n<div class=\"column\">\n<p>MYDARUMA \u00e8 un&#8217;agenda speciale, perch\u00e9 \u00e8 stata creata appositamente per voi che lavorate come agenti immobiliari.<\/p>\n<p>Come avrete notato, non si tratta di una normale agenda in cui annotare gli appuntamenti o i numeri di telefono dei clienti, ma di una speciale agenda che vi aiuter\u00e0 a controllare e gestire tutti i vostri obiettivi professionali.<\/p>\n<p>Ti spiegher\u00f2 come usarla in una maniera facile e divertente e ti consiglio di viverla ed usarla a mo&#8217; di gioco. Grazie alle vostre azioni di lavoro potrete ottenere un punteggio minimo giornaliero e settimanale, che vi aiuter\u00e0 a ottimizzare il vostro tempo e allo stesso tempo ad aumentare i vostri risultati.<\/p>\n<p>Una volta dimostrata la sua efficacia, diventer\u00e0 una guida talmente sicura che non potrete pi\u00f9 fare a meno. Vedrete che con un piccolo sforzo iniziale riuscirete a trasformare tutto ci\u00f2 che all&#8217;inizio era difficile&#8230; in qualcosa di facile.<\/p>\n<p>L&#8217;agenda MYDARUMA fa parte della collana dei libri di metodo operativo: L&#8217;albero delle vendite e nella specifica al suo capitolo n. 4. Nel libro spiego il sistema di lavoro che ho sviluppato in quasi 40 anni di professione lavorando e gestendo agenzie e societ\u00e0 immobiliari in vari Paesi del mondo.<\/p>\n<p>www.nellodangelo.com<\/p>\n<\/div>\n<\/div>\n<\/div>\n<\/div>\n","protected":false},"excerpt":{"rendered":"<p>MYDARUMA \u00e8 un&#8217;agenda speciale, perch\u00e9 \u00e8 stata creata appositamente per voi che lavorate come agenti immobiliari. Come avrete notato, non si tratta di una normale agenda in cui annotare gli appuntamenti o i numeri di telefono dei clienti, ma di una speciale agenda che vi&hellip;<\/p>\n","protected":false},"featured_media":26922,"comment_status":"open","ping_status":"closed","template":"","meta":{"_eb_attr":""},"product_brand":[],"product_cat":[490,486],"product_tag":[],"class_list":{"0":"post-23094","1":"product","2":"type-product","3":"status-publish","4":"has-post-thumbnail","6":"product_cat-agende-it-it-3","7":"product_cat-libri","8":"post","10":"first","11":"instock","12":"taxable","13":"shipping-taxable","14":"purchasable","15":"product-type-simple"},"aioseo_notices":[],"_links":{"self":[{"href":"https:\/\/reacademy.es\/it\/wp-json\/wp\/v2\/product\/23094","targetHints":{"allow":["GET"]}}],"collection":[{"href":"https:\/\/reacademy.es\/it\/wp-json\/wp\/v2\/product"}],"about":[{"href":"https:\/\/reacademy.es\/it\/wp-json\/wp\/v2\/types\/product"}],"replies":[{"embeddable":true,"href":"https:\/\/reacademy.es\/it\/wp-json\/wp\/v2\/comments?post=23094"}],"wp:featuredmedia":[{"embeddable":true,"href":"https:\/\/reacademy.es\/it\/wp-json\/wp\/v2\/media\/26922"}],"wp:attachment":[{"href":"https:\/\/reacademy.es\/it\/wp-json\/wp\/v2\/media?parent=23094"}],"wp:term":[{"taxonomy":"product_brand","embeddable":true,"href":"https:\/\/reacademy.es\/it\/wp-json\/wp\/v2\/product_brand?post=23094"},{"taxonomy":"product_cat","embeddable":true,"href":"https:\/\/reacademy.es\/it\/wp-json\/wp\/v2\/product_cat?post=23094"},{"taxonomy":"product_tag","embeddable":true,"href":"https:\/\/reacademy.es\/it\/wp-json\/wp\/v2\/product_tag?post=23094"}],"curies":[{"name":"wp","href":"https:\/\/api.w.org\/{rel}","templated":true}]}}