{"id":25160,"date":"2024-11-24T09:29:04","date_gmt":"2024-11-24T08:29:04","guid":{"rendered":"https:\/\/reacademy.es\/?post_type=product&#038;p=25160"},"modified":"2026-02-07T17:21:17","modified_gmt":"2026-02-07T16:21:17","slug":"mydaruma-immoagenda-property-finder-it","status":"publish","type":"product","link":"https:\/\/reacademy.es\/it\/product\/mydaruma-immoagenda-property-finder-it\/","title":{"rendered":"MYDARUMA. Immoagenda: PROPERTY FINDER (IT)"},"content":{"rendered":"<p>Questa \u00e8 un\u2019agenda speciale. \u00c8 stata concepita specificamente per te, che ti dedichi al mondo degli acquirenti o degli investitori immobiliari come Property Finder, e desideri migliorare i tuoi risultati per diventare un vero consulente immobiliare di successo.<\/p>\n<p>Come vedrai subito, non \u00e8 una normale agenda. Non serve per annotare appuntamenti e note quotidiane, ma per monitorare le attivit\u00e0 che hai svolto e migliorare cos\u00ec es ponenzialmente i tuoi risultati fino a fine anno.<\/p>\n<p>Ti spiegher\u00f2 come usarla in modo divertente, come se fosse un gioco: valutando i tuoi risultati giornalieri, settimanali, quindicinali e, infine, annuali. In questo modo sentirai di sfruttare meglio il tuo tempo e il tuo rendimen to aumenter\u00e0.<\/p>\n<p>Quando vedrai l\u2019efficacia dell\u2019agenda, non vorrai pi\u00f9 farne a meno, perch\u00e9 ti garantir\u00e0 vendite costanti. Con un po\u2019 di pratica, riuscirai a trasformare ci\u00f2 che \u00e8 difficile in facile.<\/p>\n<p>L\u2019agenda MYDARUMA per Property Finder \u00e8 basata sul mio libro L\u2019albero delle vendite, nel capitolo 4, dove spiego il metodo per gestire e controllare il tempo nel settore immobiliare, sviluppato in 40 anni dirigendo e consigliando aziende in diversi paesi, con risultati eccellenti.<\/p>\n<p>www.nellodangelo.com<\/p>\n","protected":false},"excerpt":{"rendered":"<p>Questa \u00e8 un\u2019agenda speciale. \u00c8 stata concepita specificamente per te, che ti dedichi al mondo degli acquirenti o degli investitori immobiliari come Property Finder, e desideri migliorare i tuoi risultati per diventare un vero consulente immobiliare di successo. Come vedrai subito, non \u00e8 una normale&hellip;<\/p>\n","protected":false},"featured_media":26918,"comment_status":"open","ping_status":"closed","template":"","meta":{"_eb_attr":""},"product_brand":[],"product_cat":[490,486],"product_tag":[],"class_list":{"0":"post-25160","1":"product","2":"type-product","3":"status-publish","4":"has-post-thumbnail","6":"product_cat-agende-it-it-3","7":"product_cat-libri","8":"post","10":"first","11":"instock","12":"taxable","13":"shipping-taxable","14":"purchasable","15":"product-type-simple"},"aioseo_notices":[],"_links":{"self":[{"href":"https:\/\/reacademy.es\/it\/wp-json\/wp\/v2\/product\/25160","targetHints":{"allow":["GET"]}}],"collection":[{"href":"https:\/\/reacademy.es\/it\/wp-json\/wp\/v2\/product"}],"about":[{"href":"https:\/\/reacademy.es\/it\/wp-json\/wp\/v2\/types\/product"}],"replies":[{"embeddable":true,"href":"https:\/\/reacademy.es\/it\/wp-json\/wp\/v2\/comments?post=25160"}],"wp:featuredmedia":[{"embeddable":true,"href":"https:\/\/reacademy.es\/it\/wp-json\/wp\/v2\/media\/26918"}],"wp:attachment":[{"href":"https:\/\/reacademy.es\/it\/wp-json\/wp\/v2\/media?parent=25160"}],"wp:term":[{"taxonomy":"product_brand","embeddable":true,"href":"https:\/\/reacademy.es\/it\/wp-json\/wp\/v2\/product_brand?post=25160"},{"taxonomy":"product_cat","embeddable":true,"href":"https:\/\/reacademy.es\/it\/wp-json\/wp\/v2\/product_cat?post=25160"},{"taxonomy":"product_tag","embeddable":true,"href":"https:\/\/reacademy.es\/it\/wp-json\/wp\/v2\/product_tag?post=25160"}],"curies":[{"name":"wp","href":"https:\/\/api.w.org\/{rel}","templated":true}]}}