{"id":26890,"date":"2026-01-10T09:40:47","date_gmt":"2026-01-10T08:40:47","guid":{"rendered":"https:\/\/reacademy.es\/?post_type=product&#038;p=26890"},"modified":"2026-01-10T09:43:46","modified_gmt":"2026-01-10T08:43:46","slug":"daruma-immo-organizer-responsabile","status":"publish","type":"product","link":"https:\/\/reacademy.es\/it\/product\/daruma-immo-organizer-responsabile\/","title":{"rendered":"DARUMA IMMO-ORGANIZER: RESPONSABILE"},"content":{"rendered":"<p data-start=\"186\" data-end=\"386\">La <strong data-start=\"189\" data-end=\"231\">Daruma IMMO-ORGANIZER per Responsabile<\/strong> \u00e8 un\u2019agenda progettata appositamente per te che hai bisogno di uno strumento pratico, chiaro ed efficace per migliorare i risultati e lavorare con metodo.<\/p>\n<p data-start=\"388\" data-end=\"616\">Non \u00e8 un\u2019agenda normale: unisce la struttura classica di un\u2019agenda annuale al sistema di controllo delle agende <strong data-start=\"500\" data-end=\"512\">MYDARUMA<\/strong>, integrando in un unico supporto sia la pianificazione quotidiana sia il monitoraggio delle tue azioni.<\/p>\n<p data-start=\"618\" data-end=\"874\">Imparerai a utilizzarla in modo semplice, quasi come un gioco, attribuendo un punteggio ai tuoi risultati giornalieri, settimanali e annuali. Questo ti permetter\u00e0 di gestire meglio il tuo tempo e di vedere come le tue performance crescono in modo costante.<\/p>\n<p data-start=\"876\" data-end=\"1084\">Quando ne sperimenterai l\u2019efficacia, capirai perch\u00e9 tanti professionisti non vogliono pi\u00f9 lavorare senza: con la pratica, ci\u00f2 che \u00e8 difficile diventa facile e i tuoi risultati diventano pi\u00f9 solidi e costanti.<\/p>\n<p data-start=\"1086\" data-end=\"1242\">Basata sul capitolo 4 del mio libro <strong><em data-start=\"1122\" data-end=\"1146\">L\u2019Albero delle Vendite<\/em><\/strong>, integra un metodo di gestione e controllo del tempo sviluppato in oltre 40 anni di esperienza.<\/p>\n","protected":false},"excerpt":{"rendered":"<p>La Daruma IMMO-ORGANIZER per Responsabile \u00e8 un\u2019agenda progettata appositamente per te che hai bisogno di uno strumento pratico, chiaro ed efficace per migliorare i risultati e lavorare con metodo. Non \u00e8 un\u2019agenda normale: unisce la struttura classica di un\u2019agenda annuale al sistema di controllo delle&hellip;<\/p>\n","protected":false},"featured_media":26888,"comment_status":"open","ping_status":"closed","template":"","meta":{"_eb_attr":""},"product_brand":[],"product_cat":[490,486],"product_tag":[],"class_list":{"0":"post-26890","1":"product","2":"type-product","3":"status-publish","4":"has-post-thumbnail","6":"product_cat-agende-it-it-3","7":"product_cat-libri","8":"post","10":"first","11":"instock","12":"taxable","13":"shipping-taxable","14":"purchasable","15":"product-type-simple"},"aioseo_notices":[],"_links":{"self":[{"href":"https:\/\/reacademy.es\/it\/wp-json\/wp\/v2\/product\/26890","targetHints":{"allow":["GET"]}}],"collection":[{"href":"https:\/\/reacademy.es\/it\/wp-json\/wp\/v2\/product"}],"about":[{"href":"https:\/\/reacademy.es\/it\/wp-json\/wp\/v2\/types\/product"}],"replies":[{"embeddable":true,"href":"https:\/\/reacademy.es\/it\/wp-json\/wp\/v2\/comments?post=26890"}],"wp:featuredmedia":[{"embeddable":true,"href":"https:\/\/reacademy.es\/it\/wp-json\/wp\/v2\/media\/26888"}],"wp:attachment":[{"href":"https:\/\/reacademy.es\/it\/wp-json\/wp\/v2\/media?parent=26890"}],"wp:term":[{"taxonomy":"product_brand","embeddable":true,"href":"https:\/\/reacademy.es\/it\/wp-json\/wp\/v2\/product_brand?post=26890"},{"taxonomy":"product_cat","embeddable":true,"href":"https:\/\/reacademy.es\/it\/wp-json\/wp\/v2\/product_cat?post=26890"},{"taxonomy":"product_tag","embeddable":true,"href":"https:\/\/reacademy.es\/it\/wp-json\/wp\/v2\/product_tag?post=26890"}],"curies":[{"name":"wp","href":"https:\/\/api.w.org\/{rel}","templated":true}]}}